{"id":2194,"date":"2020-10-02T17:44:18","date_gmt":"2020-10-02T17:44:18","guid":{"rendered":"https:\/\/tweres.be\/conditions-generales\/"},"modified":"2025-04-17T08:19:57","modified_gmt":"2025-04-17T08:19:57","slug":"conditions-generales","status":"publish","type":"page","link":"https:\/\/tweres.be\/fr\/conditions-generales\/","title":{"rendered":"Conditions g\u00e9n\u00e9rales"},"content":{"rendered":"<p><strong>Conditions g\u00e9n\u00e9rales de participation \u00e0 l\u2019action de TWERES pour les propri\u00e9taires de r\u00e9sidences secondaires \u00e0 De Panne, Knokke-Heist et Koksijde dans le but de contester la taxe municipale sur les r\u00e9sidences secondaires.<\/strong><\/p>\n<p>1. TWERES propose aux propri\u00e9taires de r\u00e9sidences secondaires \u00e0 De Panne, Knokke-Heist et Koksijde, pour un montant fixe \u2013 all-in \u2013 de 404,75 euros (TVA comprise), le r\u00e8glement complet de la proc\u00e9dure, en collaboration avec un avocat sp\u00e9cialis\u00e9 (ci-apr\u00e8s d\u00e9nomm\u00e9e \u201cla pr\u00e9sente action\u201d) (ci-apr\u00e8s d\u00e9nomm\u00e9e \u00ab\u00a0la pr\u00e9sente action\u00a0\u00bb)<\/p>\n<p>2. TWERES n&rsquo;agit dans la pr\u00e9sente action que comme interm\u00e9diaire entre le propri\u00e9taire qui participe \u00e0 l&rsquo;action et l&rsquo;avocat qui repr\u00e9sentera ce propri\u00e9taire dans la proc\u00e9dure.<\/p>\n<p>3. Le participant \u00e0 la pr\u00e9sente action garantit que les informations qu&rsquo;il fournit \u00e0 TWERES en sa qualit\u00e9 de propri\u00e9taire dans ce contexte sont correctes et conformes \u00e0 la v\u00e9rit\u00e9.<\/p>\n<p>4. TWERES traitera les donn\u00e9es \u00e0 caract\u00e8re personnel relatives aux participants \u00e0 la pr\u00e9sente action conform\u00e9ment \u00e0 <a href=\"https:\/\/tweres.be\/fr\/vie-privee\/\">la notice vie priv\u00e9e<\/a> publi\u00e9e sur son site web https.\/\/www.tweres.be.<\/p>\n<p>5. Le participant \u00e0 cette promotion a pris connaissance de <a href=\"https:\/\/tweres.be\/fr\/vie-privee\/\">la notice vie priv\u00e9e de TWERES<\/a> et l&rsquo;accepte.<\/p>\n<p>6. TWERES transf\u00e9rera le montant pay\u00e9 par le participant sur le compte bancaire de TWERES dans le cadre de la pr\u00e9sente action (moins 20 EUR de frais de dossier) et en temps voulu \u00e0 l&rsquo;avocat qui se charge de la proc\u00e9dure.<\/p>\n<p>7. En cas de succ\u00e8s, le propri\u00e9taire participant \u00e0 la pr\u00e9sente action recevra en retour ce qui suit :<\/p>\n<ul>\n<li>Remboursement int\u00e9gral de la taxe contest\u00e9e :<\/li>\n<li>Remboursement int\u00e9gral de la contribution au fonds de garantie (26 euros par instance ou 52 euros pour 2 instances).<\/li>\n<li>Paiement d&rsquo;une partie des frais de justice pour un montant maximal de 334,75 euros\u00a0 (si ces frais sont fix\u00e9s par la Cour au montant de base mais ce montant pourrait \u00eatre inf\u00e9rieur, selon la d\u00e9cision du juge). Le restant des frais de justice attribu\u00e9 en cas de succ\u00e8s serviront \u00e0 compenser les avocats et\u00a0 TWERES, \u00e0 raison de 50 %\u00a0 pour chacun.<\/li>\n<\/ul>\n<p>8. Le participant \u00e0 la pr\u00e9sente action est conscient qu&rsquo;il s&rsquo;agit d&rsquo;une proc\u00e9dure judiciaire dont l&rsquo;issue ne peut jamais \u00eatre pr\u00e9dite \u00e0 cent pour cent.<\/p>\n<p>9. Si de mani\u00e8re inattendue, la proc\u00e9dure n&rsquo;aboutit pas \u00e0 un r\u00e9sultat positif, les participants \u00e0 la pr\u00e9sente action devront payer une indemnit\u00e9 de proc\u00e9dure en faveur de la commune. Dont la fourchette est de 300 euros \u2013 1 500 euros mais qui sera , selon toute vraisemblance, fix\u00e9 par la cour d&rsquo;appel\u00a0 \u00e0 un montant de base de 600 euros (pour les deux\u00a0 instances judiciaires).<\/p>\n","protected":false},"excerpt":{"rendered":"<p>Conditions g\u00e9n\u00e9rales de participation \u00e0 l\u2019action de TWERES pour les propri\u00e9taires de r\u00e9sidences secondaires \u00e0 De Panne, Knokke-Heist et Koksijde dans le but de contester la taxe municipale sur les r\u00e9sidences secondaires. 1. TWERES propose aux propri\u00e9taires de r\u00e9sidences secondaires \u00e0 De Panne, Knokke-Heist et Koksijde, pour un montant fixe \u2013 all-in \u2013 de 404,75 [&hellip;]<\/p>\n","protected":false},"author":1,"featured_media":0,"parent":0,"menu_order":0,"comment_status":"closed","ping_status":"closed","template":"","meta":{"iawp_total_views":2,"footnotes":""},"class_list":["post-2194","page","type-page","status-publish","hentry"],"_links":{"self":[{"href":"https:\/\/tweres.be\/fr\/wp-json\/wp\/v2\/pages\/2194","targetHints":{"allow":["GET"]}}],"collection":[{"href":"https:\/\/tweres.be\/fr\/wp-json\/wp\/v2\/pages"}],"about":[{"href":"https:\/\/tweres.be\/fr\/wp-json\/wp\/v2\/types\/page"}],"author":[{"embeddable":true,"href":"https:\/\/tweres.be\/fr\/wp-json\/wp\/v2\/users\/1"}],"replies":[{"embeddable":true,"href":"https:\/\/tweres.be\/fr\/wp-json\/wp\/v2\/comments?post=2194"}],"version-history":[{"count":5,"href":"https:\/\/tweres.be\/fr\/wp-json\/wp\/v2\/pages\/2194\/revisions"}],"predecessor-version":[{"id":15014,"href":"https:\/\/tweres.be\/fr\/wp-json\/wp\/v2\/pages\/2194\/revisions\/15014"}],"wp:attachment":[{"href":"https:\/\/tweres.be\/fr\/wp-json\/wp\/v2\/media?parent=2194"}],"curies":[{"name":"wp","href":"https:\/\/api.w.org\/{rel}","templated":true}]}}