{"id":760,"date":"2020-08-08T12:26:13","date_gmt":"2020-08-08T12:26:13","guid":{"rendered":"https:\/\/tweres.be\/aidez-nous\/"},"modified":"2020-08-09T14:28:40","modified_gmt":"2020-08-09T14:28:40","slug":"aidez-nous","status":"publish","type":"page","link":"https:\/\/tweres.be\/fr\/aidez-nous\/","title":{"rendered":"Aidez-nous"},"content":{"rendered":"\n<style type=\"text\/css\" data-created_by=\"avia_inline_auto\" id=\"style-css-av-sbp4-d922823ab2a9308e743d191a97c347c3\">\n.flex_column.av-sbp4-d922823ab2a9308e743d191a97c347c3{\nborder-radius:0px 0px 0px 0px;\npadding:0px 0px 0px 0px;\n}\n<\/style>\n<div  class='flex_column av-sbp4-d922823ab2a9308e743d191a97c347c3 av_three_fourth  avia-builder-el-0  el_before_av_one_fourth  avia-builder-el-first  first flex_column_div av-zero-column-padding  '     ><section  class='av_textblock_section av-kd7d9l8x-d4a89e54a2dd090e096d16bc276df87f '   itemscope=\"itemscope\" itemtype=\"https:\/\/schema.org\/CreativeWork\" ><div class='avia_textblock'  itemprop=\"text\" ><h1>Devenez un cadre actif de TWERES<\/h1>\n<p>Pour une association comme TWERES, le site web est un canal important de communication avec le r\u00e9sident secondaire. Cependant, rien ne peut remplacer le contact personnel. C&rsquo;est pourquoi nous avons besoin de b\u00e9n\u00e9voles locaux.<\/p>\n<p>Les cadres locaux d\u00e9veloppent TWERES dans le parc de vacances, la municipalit\u00e9 ou la r\u00e9gion o\u00f9 ils ont leur seconde r\u00e9sidence. En tant que responsables locaux, ils sont invit\u00e9s \u00e0 participer \u00e0 l&rsquo;assembl\u00e9e g\u00e9n\u00e9rale annuelle de TWERES.<\/p>\n<p>Dans une premi\u00e8re phase, les cadres locaux coordonnent le recrutement des membres dans le parc de vacances, la municipalit\u00e9 ou la r\u00e9gion o\u00f9 ils ont leur r\u00e9sidence secondaire. Ils repr\u00e9sentent \u00e9galement les r\u00e9sidents secondaires au niveau local, en tant qu&rsquo;interlocuteurs aupr\u00e8s des exploitants de camping, des autorit\u00e9s locales, des associations, des commer\u00e7ants, etc.<\/p>\n<p>Vous souhaitez faire partie de notre \u00e9quipe de cadres TWERES ? Envoyez-nous un message via notre <a href=\"\/?page_id=751\">formulaire de contact<\/a> ou signalez-le nous \u00e0 info@tweres.be<\/p>\n<\/div><\/section><br \/>\n<div  class='hr av-zj6s-dca3d75db2726e2c51bbe06924851923 hr-default  avia-builder-el-2  el_after_av_textblock  el_before_av_textblock '><span class='hr-inner '><span class=\"hr-inner-style\"><\/span><\/span><\/div><br \/>\n<section  class='av_textblock_section av-kd7d9l8x-d4a89e54a2dd090e096d16bc276df87f '   itemscope=\"itemscope\" itemtype=\"https:\/\/schema.org\/CreativeWork\" ><div class='avia_textblock'  itemprop=\"text\" ><h1>Soutenez-nous par un don<\/h1>\n<p>TWERES souhaite maintenir le montant de la cotisation annuelle des membres \u00e0 un niveau tr\u00e8s bas et compte sur un soutien financier additionnel de sympathisants. Les dons nous permettent de d\u00e9velopper nos services et, le cas \u00e9ch\u00e9ant, d&rsquo;engager des poursuites judiciaires. \u00c0 plus long terme, nous voulons \u00e9galement organiser des r\u00e9unions de membres, locales ou r\u00e9gionales et &#8211; qui sait ? &#8211; peut-\u00eatre m\u00eame au niveau national un jour. \u00cates-vous pr\u00eat \u00e0 nous soutenir ?<\/p>\n<p>Ou effectuez un transfert vers notre compte BE057360 7116 0375, BIC : KREDBEBB, au nom de TWERES asbl, Peter Benoitlaan 7, bus 0301, 8450 Bredene.<\/p>\n<\/div><\/section><br \/>\n<div  class='avia-button-wrap av-kdehqr4c-67862c547763be86b6ccb6b07755216e-wrap avia-button-left  avia-builder-el-4  el_after_av_textblock  el_before_av_hr '><a href='https:\/\/tweres.be\/fr\/winkel\/contribution-de-soutien\/'  class='avia-button av-kdehqr4c-67862c547763be86b6ccb6b07755216e av-link-btn avia-icon_select-no avia-size-x-large avia-position-left avia-color-theme-color'   aria-label=\"Faire un don\"><span class='avia_iconbox_title' >Faire un don<\/span><\/a><\/div><br \/>\n<div  class='hr av-zj6s-dca3d75db2726e2c51bbe06924851923 hr-default  avia-builder-el-5  el_after_av_button  el_before_av_textblock '><span class='hr-inner '><span class=\"hr-inner-style\"><\/span><\/span><\/div><br \/>\n<section  class='av_textblock_section av-kd7d9l8x-d4a89e54a2dd090e096d16bc276df87f '   itemscope=\"itemscope\" itemtype=\"https:\/\/schema.org\/CreativeWork\" ><div class='avia_textblock'  itemprop=\"text\" ><h1>Faire de la publicit\u00e9<\/h1>\n<p>TWERES est ouvert \u00e0 la coop\u00e9ration avec des partenaires commerciaux. Il est possible de faire de la publicit\u00e9 avec votre logo dans une banni\u00e8re sur la page d&rsquo;accueil. Pour conna\u00eetre nos conditions en mati\u00e8re de publicit\u00e9, veuillez nous contacter \u00e0 l&rsquo;adresse suivante : <a href=\"mailto:info@tweres.be\">info@tweres.be<\/a>.<\/p>\n<\/div><\/section><\/p><\/div>\n<style type=\"text\/css\" data-created_by=\"avia_inline_auto\" id=\"style-css-av-1qajc-c98e877e203c2a6389890e6c01c0531b\">\n.flex_column.av-1qajc-c98e877e203c2a6389890e6c01c0531b{\nborder-radius:0px 0px 0px 0px;\npadding:0px 0px 0px 0px;\n}\n<\/style>\n<div  class='flex_column av-1qajc-c98e877e203c2a6389890e6c01c0531b av_one_fourth  avia-builder-el-7  el_after_av_three_fourth  avia-builder-el-last  flex_column_div av-zero-column-padding  '     ><div  class='avia-product-slider-container av-kd7d7qhk-d8502ea2ee81affcecc6c0cbae17ee68 template-shop avia-content-slider avia-content-grid-active shop_columns_2  avia-builder-el-8  avia-builder-el-no-sibling  avia-content-slider-even  avia-builder-el-8  avia-builder-el-no-sibling  av-slideshow-ui av-slider-hover-pause av-slideshow-manual av-loop-once av-loop-manual-endless avia-product-slider1' data-slideshow-options=\"{&quot;animation&quot;:&quot;fade&quot;,&quot;autoplay&quot;:false,&quot;loop_autoplay&quot;:&quot;once&quot;,&quot;interval&quot;:5,&quot;loop_manual&quot;:&quot;manual-endless&quot;,&quot;autoplay_stopper&quot;:false,&quot;noNavigation&quot;:false,&quot;bg_slider&quot;:false,&quot;keep_padding&quot;:false,&quot;hoverpause&quot;:true,&quot;show_slide_delay&quot;:0}\"><div class='avia-content-slider-inner'><ul class=\"products\"><li class=\"product type-product post-844 status-publish first instock product_cat-don has-post-thumbnail shipping-taxable purchasable product-type-variable\">\n\t<div class='inner_product main_color wrapped_style noLightbox  av-product-class-'><a href=\"https:\/\/tweres.be\/fr\/winkel\/contribution-de-soutien\/\" class=\"woocommerce-LoopProduct-link woocommerce-loop-product__link\"><div class=\"thumbnail_container\"><img decoding=\"async\" loading=\"lazy\" width=\"300\" height=\"300\" src=\"https:\/\/tweres.be\/wp-content\/uploads\/2020\/07\/steunen-icoon-300x300.png\" class=\"wp-image-171 avia-img-lazy-loading-171 attachment-shop_catalog size-shop_catalog wp-post-image\" alt=\"\" srcset=\"https:\/\/tweres.be\/wp-content\/uploads\/2020\/07\/steunen-icoon-300x300.png 300w, https:\/\/tweres.be\/wp-content\/uploads\/2020\/07\/steunen-icoon-100x100.png 100w, https:\/\/tweres.be\/wp-content\/uploads\/2020\/07\/steunen-icoon-80x80.png 80w, https:\/\/tweres.be\/wp-content\/uploads\/2020\/07\/steunen-icoon-36x36.png 36w, https:\/\/tweres.be\/wp-content\/uploads\/2020\/07\/steunen-icoon-180x180.png 180w, https:\/\/tweres.be\/wp-content\/uploads\/2020\/07\/steunen-icoon.png 500w\" sizes=\"auto, (max-width: 300px) 100vw, 300px\" \/><\/div><div class='inner_product_header'><div class='avia-arrow'><\/div><div class='inner_product_header_table'><div class='inner_product_header_cell'><h2 class=\"woocommerce-loop-product__title\">Contribution de soutien<\/h2>\n\t<span class=\"price\"><span class=\"woocommerce-Price-amount amount\" aria-hidden=\"true\"><bdi><span class=\"woocommerce-Price-currencySymbol\">&euro;<\/span>50,00<\/bdi><\/span> <span aria-hidden=\"true\">\u00a0\u2013\u00a0<\/span> <span class=\"woocommerce-Price-amount amount\" aria-hidden=\"true\"><bdi><span class=\"woocommerce-Price-currencySymbol\">&euro;<\/span>150,00<\/bdi><\/span><span class=\"screen-reader-text\">Plage de prix\u00a0: &euro;50,00 \u00e0 &euro;150,00<\/span><\/span>\n<\/div><\/div><\/div><\/a><div class='avia_cart_buttons single_button'><a href=\"https:\/\/tweres.be\/fr\/winkel\/contribution-de-soutien\/\" aria-describedby=\"woocommerce_loop_add_to_cart_link_describedby_844\" data-quantity=\"1\" class=\"button product_type_variable add_to_cart_button\" data-product_id=\"844\" data-product_sku=\"\" aria-label=\"S\u00e9lectionner les options pour &ldquo;Contribution de soutien&rdquo;\" rel=\"nofollow\"><span class=\"avia-svg-icon avia-font-svg_entypo-fontello\" data-av_svg_icon='basket' data-av_iconset='svg_entypo-fontello'><svg version=\"1.1\" xmlns=\"http:\/\/www.w3.org\/2000\/svg\" width=\"29\" height=\"32\" viewBox=\"0 0 29 32\" preserveAspectRatio=\"xMidYMid meet\" aria-labelledby='av-svg-title-1' aria-describedby='av-svg-desc-1' role=\"graphics-symbol\" aria-hidden=\"true\">\n<title id='av-svg-title-1'>Ajouter au panier<\/title>\n<desc id='av-svg-desc-1'>Ajouter au panier<\/desc>\n<path d=\"M4.8 27.2q0-1.28 0.96-2.24t2.24-0.96q1.344 0 2.272 0.96t0.928 2.24q0 1.344-0.928 2.272t-2.272 0.928q-1.28 0-2.24-0.928t-0.96-2.272zM20.8 27.2q0-1.28 0.96-2.24t2.24-0.96q1.344 0 2.272 0.96t0.928 2.24q0 1.344-0.928 2.272t-2.272 0.928q-1.28 0-2.24-0.928t-0.96-2.272zM10.496 19.648q-1.152 0.32-1.088 0.736t1.408 0.416h17.984v2.432q0 0.64-0.64 0.64h-20.928q-0.64 0-0.64-0.64v-2.432l-0.32-1.472-3.136-14.528h-3.136v-2.56q0-0.64 0.64-0.64h4.992q0.64 0 0.64 0.64v2.752h22.528v8.768q0 0.704-0.576 0.832z\"><\/path>\n<\/svg><\/span>  Choix des options<\/a>\t<span id=\"woocommerce_loop_add_to_cart_link_describedby_844\" class=\"screen-reader-text\">\n\t\tCe produit a plusieurs variations. Les options peuvent \u00eatre choisies sur la page du produit\t<\/span>\n<\/div><\/div><\/li>\n<\/ul><\/div><\/div><div class=\"clear\"><\/div><\/div><\/p>\n","protected":false},"excerpt":{"rendered":"","protected":false},"author":1,"featured_media":0,"parent":0,"menu_order":0,"comment_status":"closed","ping_status":"closed","template":"","meta":{"iawp_total_views":18,"footnotes":""},"class_list":["post-760","page","type-page","status-publish","hentry"],"_links":{"self":[{"href":"https:\/\/tweres.be\/fr\/wp-json\/wp\/v2\/pages\/760","targetHints":{"allow":["GET"]}}],"collection":[{"href":"https:\/\/tweres.be\/fr\/wp-json\/wp\/v2\/pages"}],"about":[{"href":"https:\/\/tweres.be\/fr\/wp-json\/wp\/v2\/types\/page"}],"author":[{"embeddable":true,"href":"https:\/\/tweres.be\/fr\/wp-json\/wp\/v2\/users\/1"}],"replies":[{"embeddable":true,"href":"https:\/\/tweres.be\/fr\/wp-json\/wp\/v2\/comments?post=760"}],"version-history":[{"count":5,"href":"https:\/\/tweres.be\/fr\/wp-json\/wp\/v2\/pages\/760\/revisions"}],"predecessor-version":[{"id":1145,"href":"https:\/\/tweres.be\/fr\/wp-json\/wp\/v2\/pages\/760\/revisions\/1145"}],"wp:attachment":[{"href":"https:\/\/tweres.be\/fr\/wp-json\/wp\/v2\/media?parent=760"}],"curies":[{"name":"wp","href":"https:\/\/api.w.org\/{rel}","templated":true}]}}